{"id":12954,"date":"2020-08-27T08:23:10","date_gmt":"2020-08-27T08:23:10","guid":{"rendered":"https:\/\/skevents.at\/?page_id=12954"},"modified":"2025-03-27T14:16:59","modified_gmt":"2025-03-27T14:16:59","slug":"impressum","status":"publish","type":"page","link":"https:\/\/skevents.at\/tr\/impressum\/","title":{"rendered":"K\u00fcnye"},"content":{"rendered":"<div data-elementor-type=\"wp-page\" data-elementor-id=\"12954\" class=\"elementor elementor-12954\" data-elementor-post-type=\"page\">\n\t\t\t\t\t\t<section class=\"elementor-section elementor-top-section elementor-element elementor-element-444d304c elementor-section-boxed elementor-section-height-default elementor-section-height-default sc_fly_static\" data-id=\"444d304c\" data-element_type=\"section\" data-e-type=\"section\" data-settings=\"{&quot;background_background&quot;:&quot;classic&quot;}\">\n\t\t\t\t\t\t<div class=\"elementor-container elementor-column-gap-extended\">\n\t\t\t\t\t<div class=\"elementor-column elementor-col-100 elementor-top-column elementor-element elementor-element-7cefec33 sc_content_align_inherit sc_layouts_column_icons_position_left sc_fly_static\" data-id=\"7cefec33\" data-element_type=\"column\" data-e-type=\"column\">\n\t\t\t<div class=\"elementor-widget-wrap elementor-element-populated\">\n\t\t\t\t\t\t<div class=\"elementor-element elementor-element-7f789c3c sc_fly_static elementor-widget elementor-widget-text-editor\" data-id=\"7f789c3c\" data-element_type=\"widget\" data-e-type=\"widget\" data-widget_type=\"text-editor.default\">\n\t\t\t\t<div class=\"elementor-widget-container\">\n\t\t\t\t\t\t\t\t\t<section class=\"elementor-section elementor-top-section elementor-element elementor-element-8da73e2 elementor-section-boxed elementor-section-height-default elementor-section-height-default sc_fly_static trx_addons_parallax_layers_inited trx_addons_parallax_blocks_inited\" data-id=\"8da73e2\" data-element_type=\"section\"><div class=\"elementor-container elementor-column-gap-extended\"><div class=\"elementor-column elementor-col-50 elementor-top-column elementor-element elementor-element-06b6c82 sc_inner_width_none sc_content_align_inherit sc_layouts_column_icons_position_left sc_fly_static trx_addons_parallax_layers_inited trx_addons_parallax_blocks_inited\" data-id=\"06b6c82\" data-element_type=\"column\"><div class=\"elementor-widget-wrap elementor-element-populated\"><div class=\"elementor-element elementor-element-af613dd sc_fly_static elementor-widget elementor-widget-text-editor trx_addons_parallax_layers_inited trx_addons_parallax_blocks_inited\" data-id=\"af613dd\" data-element_type=\"widget\" data-widget_type=\"text-editor.default\"><div class=\"elementor-widget-container\"><div class=\"vc_row wpb_row section vc_row-fluid vc_custom_1528362159024\"><div class=\"full_section_inner clearfix\"><div class=\"wpb_column vc_column_container vc_col-sm-6\"><div class=\"vc_column-inner\"><div class=\"wpb_wrapper\"><div class=\"wpb_text_column wpb_content_element\"><div class=\"wpb_wrapper\"><p><b>sk events e.U.<br \/><\/b>Wasenweg 12<br \/>6830 Rankweil<br \/>T +43 660 949 46 68<br \/>E <a href=\"mailto:info@skevents.at\">info@skevents.at<\/a><\/p><p><strong>Firmenname<\/strong><br \/><strong>Fevzi \u00d6zdemir<\/strong><\/p><p><strong>Firmenbuchnummer<\/strong><br \/>430908p<\/p><p><strong>Firmengericht<\/strong><br \/>Landesgericht Feldkirch<\/p><p><strong>GLN (der \u00f6ffentlichen Verwaltung)<\/strong><br \/>9110021789431<\/p><\/div><\/div><\/div><\/div><\/div><\/div><\/div><\/div><\/div><\/div><\/div><div class=\"elementor-column elementor-col-50 elementor-top-column elementor-element elementor-element-cdbd3a7 sc_inner_width_none sc_content_align_inherit sc_layouts_column_icons_position_left sc_fly_static trx_addons_parallax_layers_inited trx_addons_parallax_blocks_inited\" data-id=\"cdbd3a7\" data-element_type=\"column\"><div class=\"elementor-widget-wrap elementor-element-populated\"><div class=\"elementor-element elementor-element-9d87131 sc_fly_static elementor-widget elementor-widget-text-editor trx_addons_parallax_layers_inited trx_addons_parallax_blocks_inited\" data-id=\"9d87131\" data-element_type=\"widget\" data-widget_type=\"text-editor.default\"><div class=\"elementor-widget-container\"><div class=\"vc_row wpb_row section vc_row-fluid vc_custom_1528362159024\"><div class=\"full_section_inner clearfix\"><div class=\"wpb_column vc_column_container vc_col-sm-6\"><div class=\"vc_column-inner\"><div class=\"wpb_wrapper\"><div class=\"wpb_text_column wpb_content_element\"><div class=\"wpb_wrapper\"><p><strong>Fachgruppe \/ Berufszweig<\/strong><br \/>Gastgewerbe gem\u00e4\u00df \u00a7 111 Abs. 1 Z. 2 Gewerbeordnung in der Betriebsart Catering<br \/>Organisation von Veranstaltungen, M\u00e4rkten und Messen (Eventmanagement)<\/p><p><a href=\"https:\/\/firmen.wko.at\/sk-events-eu\/vorarlberg\/?firmaid=512c08b2-55e3-4d79-bc5b-0233c131b88a\" target=\"_blank\" rel=\"noopener\">Zum Firmen-Eintrag bei der WKO<\/a><\/p><\/div><\/div><\/div><\/div><\/div><div class=\"wpb_column vc_column_container vc_col-sm-6\"><div class=\"vc_column-inner\"><div class=\"wpb_wrapper\"><div class=\"wpb_text_column wpb_content_element\"><div class=\"wpb_wrapper\"><p><strong>Konzeption, Design &amp; Umsetzung<\/strong><br \/>idea Marketing Consulting \u00d6zdemir<br \/><a href=\"http:\/\/idea-marketing.ch\/\" target=\"_blank\" rel=\"noopener\">Agentur f\u00fcr Online und Grafikdesign<\/a><\/p><p><strong>Fotografie<\/strong><br \/><a href=\"http:\/\/idea-marketing.ch\/\" target=\"_blank\" rel=\"noopener\">idea Marketing<\/a><br \/><a href=\"http:\/\/idea-marketing.ch\/\"><img decoding=\"async\" class=\"alignnone wp-image-18962 entered litespeed-loaded\" src=\"https:\/\/www.caydacira.at\/wp-content\/uploads\/2024\/07\/idea-Logo-300x116.png\" sizes=\"(max-width: 100px) 100vw, 100px\" srcset=\"https:\/\/www.caydacira.at\/wp-content\/uploads\/2024\/07\/idea-Logo-300x116.png 300w, https:\/\/www.caydacira.at\/wp-content\/uploads\/2024\/07\/idea-Logo-370x144.png 370w, https:\/\/www.caydacira.at\/wp-content\/uploads\/2024\/07\/idea-Logo.png 402w\" alt=\"\" width=\"100\" height=\"39\" data-lazyloaded=\"1\" data-src=\"https:\/\/www.caydacira.at\/wp-content\/uploads\/2024\/07\/idea-Logo-300x116.png\" data-srcset=\"https:\/\/www.caydacira.at\/wp-content\/uploads\/2024\/07\/idea-Logo-300x116.png 300w, https:\/\/www.caydacira.at\/wp-content\/uploads\/2024\/07\/idea-Logo-370x144.png 370w, https:\/\/www.caydacira.at\/wp-content\/uploads\/2024\/07\/idea-Logo.png 402w\" data-sizes=\"(max-width: 100px) 100vw, 100px\" data-ll-status=\"loaded\" \/><\/a><\/p><\/div><\/div><\/div><\/div><\/div><\/div><\/div><div class=\"vc_row wpb_row section vc_row-fluid\"><div class=\"full_section_inner clearfix\"><div class=\"wpb_column vc_column_container vc_col-sm-12\"><div class=\"vc_column-inner\"><div class=\"wpb_wrapper\"><div class=\"wpb_text_column wpb_content_element\"><div class=\"wpb_wrapper\">\u00a0<\/div><\/div><\/div><\/div><\/div><\/div><\/div><div class=\"vc_row wpb_row section vc_row-fluid vc_custom_1528362166887\"><div class=\"full_section_inner clearfix\"><div class=\"wpb_column vc_column_container vc_col-sm-6\"><div class=\"vc_column-inner\"><div class=\"wpb_wrapper\"><div class=\"wpb_text_column wpb_content_element\"><div class=\"wpb_wrapper\">\u00a0<\/div><\/div><\/div><\/div><\/div><\/div><\/div><\/div><\/div><\/div><\/div><\/div><\/section><section class=\"elementor-section elementor-top-section elementor-element elementor-element-eebab44 elementor-section-boxed elementor-section-height-default elementor-section-height-default sc_fly_static trx_addons_parallax_layers_inited trx_addons_parallax_blocks_inited\" data-id=\"eebab44\" data-element_type=\"section\"><div class=\"elementor-container elementor-column-gap-extended\"><div class=\"elementor-column elementor-col-100 elementor-top-column elementor-element elementor-element-e7c9c28 sc_inner_width_none sc_content_align_inherit sc_layouts_column_icons_position_left sc_fly_static trx_addons_parallax_layers_inited trx_addons_parallax_blocks_inited\" data-id=\"e7c9c28\" data-element_type=\"column\"><div class=\"elementor-widget-wrap elementor-element-populated\"><div class=\"elementor-element elementor-element-0cb5c8e sc_fly_static elementor-widget elementor-widget-text-editor trx_addons_parallax_layers_inited trx_addons_parallax_blocks_inited\" data-id=\"0cb5c8e\" data-element_type=\"widget\" data-widget_type=\"text-editor.default\"><div class=\"elementor-widget-container\"><div class=\"vc_row wpb_row section vc_row-fluid vc_custom_1528362159024\"><div class=\"full_section_inner clearfix\"><div class=\"wpb_column vc_column_container vc_col-sm-6\"><div class=\"vc_column-inner\"><div class=\"wpb_wrapper\"><div class=\"wpb_text_column wpb_content_element\"><div class=\"wpb_wrapper\">\u00a0<\/div><\/div><\/div><\/div><\/div><div class=\"wpb_column vc_column_container vc_col-sm-6\"><div class=\"vc_column-inner\"><div class=\"wpb_wrapper\"><div class=\"wpb_text_column wpb_content_element\"><div class=\"wpb_wrapper\"><p>RECHTLICHER HINWEIS<\/p><\/div><\/div><\/div><\/div><\/div><\/div><\/div><div class=\"vc_row wpb_row section vc_row-fluid\"><div class=\"full_section_inner clearfix\"><div class=\"wpb_column vc_column_container vc_col-sm-12\"><div class=\"vc_column-inner\"><div class=\"wpb_wrapper\"><div class=\"vc_empty_space\">\u00a0<\/div><\/div><\/div><\/div><\/div><\/div><div class=\"vc_row wpb_row section vc_row-fluid vc_custom_1528362166887\"><div class=\"full_section_inner clearfix\"><div class=\"wpb_column vc_column_container vc_col-sm-6\"><div class=\"vc_column-inner\"><div class=\"wpb_wrapper\"><div class=\"wpb_text_column wpb_content_element\"><div class=\"wpb_wrapper\"><p><strong>1. Inhalt des Onlineangebotes<\/strong><br \/>Die <b>sk events e.U.<\/b>\u00a0\u2013 im folgenden kurz Autor genannt \u2013 \u00fcbernimmt keinerlei Gew\u00e4hr f\u00fcr die Aktualit\u00e4t, Korrektheit, Vollst\u00e4ndigkeit oder Qualit\u00e4t der bereitgestellten Informationen. Haftungsanspr\u00fcche gegen den Autor, welche sich auf Sch\u00e4den materieller oder ideeller Art beziehen, die durch die Nutzung oder Nichtnutzung der dargebotenen Informationen bzw. durch die Nutzung fehlerhafter und unvollst\u00e4ndiger Informationen verursacht wurden, sind grunds\u00e4tzlich ausgeschlossen. Alle Angebote sind freibleibend und unverbindlich. Der Autor beh\u00e4lt es sich ausdr\u00fccklich vor, Teile der Seiten oder das gesamte Angebot ohne gesonderte Ank\u00fcndigung zu ver\u00e4ndern, zu erg\u00e4nzen, zu l\u00f6schen oder die Ver\u00f6ffentlichung zeitweise oder endg\u00fcltig einzustellen.<\/p><p><strong>2. Verweise und Links<\/strong><br \/>Auf die aktuelle und zuk\u00fcnftige Gestaltung, die Inhalte oder die Urheberschaft der gelinkten\/verkn\u00fcpften Seiten hat der Autor keinerlei Einfluss. Deshalb distanziert er sich hiermit ausdr\u00fccklich von allen Inhalten aller gelinkten\/verkn\u00fcpften Seiten. Diese Feststellung gilt f\u00fcr alle innerhalb des eigenen Internetangebotes gesetzten Links und Verweise sowie f\u00fcr Fremdeintr\u00e4ge in vom Autor eingerichteten G\u00e4steb\u00fcchern, Diskussionsforen und Mailinglisten. F\u00fcr illegale, fehlerhafte oder unvollst\u00e4ndige Inhalte und insbesondere f\u00fcr Sch\u00e4den, die aus der Nutzung oder Nichtnutzung solcherart dargebotener Informationen entstehen, haftet allein der Anbieter der Seite, auf welche verwiesen wurde, nicht derjenige, der \u00fcber Links auf die jeweilige Ver\u00f6ffentlichung lediglich verweist.<\/p><p><strong>3. Urheber- und Kennzeichenrecht<\/strong><br \/>Der Autor ist bestrebt, in allen Publikationen die Urheberrechte der verwendeten Grafiken, Tondokumente, Videosequenzen und Texte zu beachten, von ihm selbst erstellte Grafiken, Tondokumente, Videosequenzen und Texte zu nutzen oder auf lizenzfreie Grafiken, Tondokumente, Videosequenzen und Texte zur\u00fcckzugreifen. Alle innerhalb des Internetangebotes genannten und ggf. durch Dritte gesch\u00fctzten Marken- und Warenzeichen unterliegen uneingeschr\u00e4nkt den Bestimmungen des jeweils g\u00fcltigen Kennzeichenrechts und den Besitzrechten der jeweiligen eingetragenen Eigent\u00fcmer. Allein aufgrund der blo\u00dfen Nennung ist nicht der Schluss zu ziehen, dass Markenzeichen nicht durch Rechte Dritter gesch\u00fctzt sind!<\/p><p>Das Copyright f\u00fcr ver\u00f6ffentlichte, vom Autor selbst erstellte Objekte bleibt allein beim Autor der Seiten. Eine Vervielf\u00e4ltigung oder Verwendung solcher Grafiken, Tondokumente, Videosequenzen und Texte in anderen elektronischen oder gedruckten Publikationen ist ohne ausdr\u00fcckliche Zustimmung des Autors nicht gestattet.<\/p><\/div><\/div><\/div><\/div><\/div><\/div><\/div><\/div><\/div><\/div><\/div><\/div><\/section>\t\t\t\t\t\t\t\t<\/div>\n\t\t\t\t<\/div>\n\t\t\t\t\t<\/div>\n\t\t<\/div>\n\t\t\t\t\t<\/div>\n\t\t<\/section>\n\t\t\t\t<section class=\"elementor-section elementor-top-section elementor-element elementor-element-2940b462 elementor-section-boxed elementor-section-height-default elementor-section-height-default sc_fly_static\" data-id=\"2940b462\" data-element_type=\"section\" data-e-type=\"section\" data-settings=\"{&quot;background_background&quot;:&quot;classic&quot;}\">\n\t\t\t\t\t\t<div class=\"elementor-container elementor-column-gap-extended\">\n\t\t\t\t\t<div class=\"elementor-column elementor-col-100 elementor-top-column elementor-element elementor-element-5936e6ff sc_content_align_inherit sc_layouts_column_icons_position_left sc_fly_static\" data-id=\"5936e6ff\" data-element_type=\"column\" data-e-type=\"column\">\n\t\t\t<div class=\"elementor-widget-wrap\">\n\t\t\t\t\t\t\t<\/div>\n\t\t<\/div>\n\t\t\t\t\t<\/div>\n\t\t<\/section>\n\t\t\t\t<section class=\"elementor-section elementor-top-section elementor-element elementor-element-6fcb5b37 elementor-section-boxed elementor-section-height-default elementor-section-height-default sc_fly_static\" data-id=\"6fcb5b37\" data-element_type=\"section\" data-e-type=\"section\">\n\t\t\t\t\t\t<div class=\"elementor-container elementor-column-gap-extended\">\n\t\t\t\t\t<div class=\"elementor-column elementor-col-100 elementor-top-column elementor-element elementor-element-139c2032 sc_content_align_inherit sc_layouts_column_icons_position_left sc_fly_static\" data-id=\"139c2032\" data-element_type=\"column\" data-e-type=\"column\">\n\t\t\t<div class=\"elementor-widget-wrap elementor-element-populated\">\n\t\t\t\t\t\t<div class=\"elementor-element elementor-element-f3d9257 sc_fly_static elementor-widget elementor-widget-spacer\" data-id=\"f3d9257\" data-element_type=\"widget\" data-e-type=\"widget\" data-widget_type=\"spacer.default\">\n\t\t\t\t<div class=\"elementor-widget-container\">\n\t\t\t\t\t\t\t<div class=\"elementor-spacer\">\n\t\t\t<div class=\"elementor-spacer-inner\"><\/div>\n\t\t<\/div>\n\t\t\t\t\t\t<\/div>\n\t\t\t\t<\/div>\n\t\t\t\t\t<\/div>\n\t\t<\/div>\n\t\t\t\t\t<\/div>\n\t\t<\/section>\n\t\t\t\t<\/div>","protected":false},"excerpt":{"rendered":"<p>sk events e.U.Wasenweg 126830 RankweilT +43 660 949 46 68E info@skevents.at FirmennameFevzi \u00d6zdemir Firmenbuchnummer430908p FirmengerichtLandesgericht Feldkirch GLN (der \u00f6ffentlichen Verwaltung)9110021789431 Fachgruppe \/ BerufszweigGastgewerbe gem\u00e4\u00df \u00a7 111 Abs. 1 Z. 2&hellip;<\/p>","protected":false},"author":1,"featured_media":0,"parent":0,"menu_order":0,"comment_status":"closed","ping_status":"closed","template":"","meta":{"footnotes":""},"class_list":["post-12954","page","type-page","status-publish","hentry"],"_links":{"self":[{"href":"https:\/\/skevents.at\/tr\/wp-json\/wp\/v2\/pages\/12954","targetHints":{"allow":["GET"]}}],"collection":[{"href":"https:\/\/skevents.at\/tr\/wp-json\/wp\/v2\/pages"}],"about":[{"href":"https:\/\/skevents.at\/tr\/wp-json\/wp\/v2\/types\/page"}],"author":[{"embeddable":true,"href":"https:\/\/skevents.at\/tr\/wp-json\/wp\/v2\/users\/1"}],"replies":[{"embeddable":true,"href":"https:\/\/skevents.at\/tr\/wp-json\/wp\/v2\/comments?post=12954"}],"version-history":[{"count":16,"href":"https:\/\/skevents.at\/tr\/wp-json\/wp\/v2\/pages\/12954\/revisions"}],"predecessor-version":[{"id":60867,"href":"https:\/\/skevents.at\/tr\/wp-json\/wp\/v2\/pages\/12954\/revisions\/60867"}],"wp:attachment":[{"href":"https:\/\/skevents.at\/tr\/wp-json\/wp\/v2\/media?parent=12954"}],"curies":[{"name":"wp","href":"https:\/\/api.w.org\/{rel}","templated":true}]}}