{"id":3738,"date":"2023-11-14T12:04:13","date_gmt":"2023-11-14T12:04:13","guid":{"rendered":"https:\/\/skevents.at\/?page_id=3738"},"modified":"2025-03-27T15:07:26","modified_gmt":"2025-03-27T15:07:26","slug":"uber-uns","status":"publish","type":"page","link":"https:\/\/skevents.at\/tr\/uber-uns\/","title":{"rendered":"Hakk\u0131m\u0131zda"},"content":{"rendered":"<div data-elementor-type=\"wp-page\" data-elementor-id=\"3738\" class=\"elementor elementor-3738\" data-elementor-post-type=\"page\">\n\t\t\t\t\t\t<section class=\"elementor-section elementor-top-section elementor-element elementor-element-01ef9cb elementor-section-boxed elementor-section-height-default elementor-section-height-default sc_fly_static\" data-id=\"01ef9cb\" data-element_type=\"section\" data-e-type=\"section\">\n\t\t\t\t\t\t<div class=\"elementor-container elementor-column-gap-extended\">\n\t\t\t\t\t<div class=\"elementor-column elementor-col-100 elementor-top-column elementor-element elementor-element-16929a4 sc_content_align_inherit sc_layouts_column_icons_position_left sc_fly_static\" data-id=\"16929a4\" data-element_type=\"column\" data-e-type=\"column\">\n\t\t\t<div class=\"elementor-widget-wrap elementor-element-populated\">\n\t\t\t\t\t\t<div class=\"elementor-element elementor-element-d9d8aea sc_fly_static elementor-widget elementor-widget-spacer\" data-id=\"d9d8aea\" data-element_type=\"widget\" data-e-type=\"widget\" data-widget_type=\"spacer.default\">\n\t\t\t\t<div class=\"elementor-widget-container\">\n\t\t\t\t\t\t\t<div class=\"elementor-spacer\">\n\t\t\t<div class=\"elementor-spacer-inner\"><\/div>\n\t\t<\/div>\n\t\t\t\t\t\t<\/div>\n\t\t\t\t<\/div>\n\t\t\t\t\t<\/div>\n\t\t<\/div>\n\t\t\t\t\t<\/div>\n\t\t<\/section>\n\t\t\t\t<section class=\"elementor-section elementor-top-section elementor-element elementor-element-66395ac elementor-section-boxed elementor-section-height-default elementor-section-height-default sc_fly_static\" data-id=\"66395ac\" data-element_type=\"section\" data-e-type=\"section\">\n\t\t\t\t\t\t<div class=\"elementor-container elementor-column-gap-extended\">\n\t\t\t\t\t<div class=\"elementor-column elementor-col-50 elementor-top-column elementor-element elementor-element-1820f11c sc_content_align_inherit sc_layouts_column_icons_position_left sc_fly_static\" data-id=\"1820f11c\" data-element_type=\"column\" data-e-type=\"column\">\n\t\t\t<div class=\"elementor-widget-wrap elementor-element-populated\">\n\t\t\t\t\t\t<div class=\"elementor-element elementor-element-8646708 sc_fly_static elementor-widget elementor-widget-trx_sc_title\" data-id=\"8646708\" data-element_type=\"widget\" data-e-type=\"widget\" data-widget_type=\"trx_sc_title.default\">\n\t\t\t\t<div class=\"elementor-widget-container\">\n\t\t\t\t\t<div\t\tclass=\"sc_title sc_title_default\" ><h1 class=\"sc_item_title sc_title_title sc_item_title_style_default sc_item_title_tag\"\n\t\t\t><span class=\"sc_item_title_text\">SK Events Hakk\u0131nda<\/span><\/h1><\/div>\t\t\t\t<\/div>\n\t\t\t\t<\/div>\n\t\t\t\t<div class=\"elementor-element elementor-element-24806d7 sc_fly_static elementor-widget elementor-widget-spacer\" data-id=\"24806d7\" data-element_type=\"widget\" data-e-type=\"widget\" data-widget_type=\"spacer.default\">\n\t\t\t\t<div class=\"elementor-widget-container\">\n\t\t\t\t\t\t\t<div class=\"elementor-spacer\">\n\t\t\t<div class=\"elementor-spacer-inner\"><\/div>\n\t\t<\/div>\n\t\t\t\t\t\t<\/div>\n\t\t\t\t<\/div>\n\t\t\t\t<div class=\"elementor-element elementor-element-7dcf454 sc_fly_static elementor-widget elementor-widget-text-editor\" data-id=\"7dcf454\" data-element_type=\"widget\" data-e-type=\"widget\" data-widget_type=\"text-editor.default\">\n\t\t\t\t<div class=\"elementor-widget-container\">\n\t\t\t\t\t\t\t\t\t<p class=\"\" data-start=\"81\" data-end=\"414\">\"30 y\u0131ll\u0131k deneyimle SK Events olarak, \u00f6zel g\u00fcnlerinizi ve etkinliklerinizi unutulmaz k\u0131lmak i\u00e7in sizin orta\u011f\u0131n\u0131z\u0131z. Her etkinlik i\u00e7in \u00f6zel \u00e7\u00f6z\u00fcmler sunuyoruz ve her etkinli\u011fi bireysel olarak tasarlamak i\u00e7in hem T\u00fcrk hem de Avusturya k\u00fclt\u00fcrel \u00f6zelliklerini dikkate al\u0131yoruz.<\/p><p class=\"\" data-start=\"416\" data-end=\"692\"><strong data-start=\"416\" data-end=\"440\">Her \u015fey tek elden<\/strong><br data-start=\"440\" data-end=\"443\" \/>Yemek, salon kiralama, dekorasyon ve etkinlik organizasyonu \u2013 SK Events'te her \u015fey profesyonel ekibimiz taraf\u0131ndan planlan\u0131r ve uygulan\u0131r. B\u00f6ylece t\u00fcm hizmetlerin birbiriyle uyum i\u00e7inde olmas\u0131n\u0131 ve en y\u00fcksek kalitede sunulmas\u0131n\u0131 garanti ediyoruz.<\/p><p class=\"\" data-start=\"694\" data-end=\"974\"><strong data-start=\"694\" data-end=\"743\">Profesyonel hizmet ve yarat\u0131c\u0131 \u00e7\u00f6z\u00fcmler<\/strong><br data-start=\"743\" data-end=\"746\" \/>Etkinli\u011finizin her a\u015famas\u0131nda size profesyonel bir yakla\u015f\u0131m sunuyor ve isteklerinizi yarat\u0131c\u0131 \u00e7\u00f6z\u00fcmlerle ger\u00e7ekle\u015ftiriyoruz. \u0130ster d\u00fc\u011f\u00fcn, ister \u015firket etkinli\u011fi veya parti \u2013 her detay en b\u00fcy\u00fck \u00f6zenle planlan\u0131r.<\/p><p class=\"\" data-start=\"976\" data-end=\"1267\"><strong data-start=\"976\" data-end=\"1030\">K\u00fclt\u00fcrel olarak uyarlanm\u0131\u015f etkinliklerde deneyim<\/strong><br data-start=\"1030\" data-end=\"1033\" \/>Ekibimiz, hem T\u00fcrk hem de Avusturya k\u00fclt\u00fcr\u00fcne uygun etkinliklerin ger\u00e7ekle\u015ftirilmesinde kapsaml\u0131 deneyime sahiptir. Her t\u00fcrl\u00fc \u00f6zel etkinlik i\u00e7in \u00f6zel \u00e7\u00f6z\u00fcmler sunuyoruz.<\/p><p class=\"\" data-start=\"1533\" data-end=\"1682\">30 y\u0131ll\u0131k deneyimle, SK Events olarak her \u00f6zel g\u00fcn\u00fcn\u00fcz\u00fc sorunsuz, yarat\u0131c\u0131 ve unutulmaz bir \u015fekilde d\u00fczenlemeniz i\u00e7in yan\u0131n\u0131zday\u0131z!<\/p>\t\t\t\t\t\t\t\t<\/div>\n\t\t\t\t<\/div>\n\t\t\t\t<div class=\"elementor-element elementor-element-0af37fb sc_fly_static elementor-widget elementor-widget-spacer\" data-id=\"0af37fb\" data-element_type=\"widget\" data-e-type=\"widget\" data-widget_type=\"spacer.default\">\n\t\t\t\t<div class=\"elementor-widget-container\">\n\t\t\t\t\t\t\t<div class=\"elementor-spacer\">\n\t\t\t<div class=\"elementor-spacer-inner\"><\/div>\n\t\t<\/div>\n\t\t\t\t\t\t<\/div>\n\t\t\t\t<\/div>\n\t\t\t\t\t<\/div>\n\t\t<\/div>\n\t\t\t\t<div class=\"elementor-column elementor-col-50 elementor-top-column elementor-element elementor-element-9320c63 sc_content_align_inherit sc_layouts_column_icons_position_left sc_fly_static\" data-id=\"9320c63\" data-element_type=\"column\" data-e-type=\"column\">\n\t\t\t<div class=\"elementor-widget-wrap elementor-element-populated\">\n\t\t\t\t\t\t<div class=\"elementor-element elementor-element-47bb7597 no-title sc_fly_static elementor-widget elementor-widget-image\" data-id=\"47bb7597\" data-element_type=\"widget\" data-e-type=\"widget\" data-widget_type=\"image.default\">\n\t\t\t\t<div class=\"elementor-widget-container\">\n\t\t\t\t\t\t\t\t\t\t\t\t\t\t\t<img fetchpriority=\"high\" decoding=\"async\" width=\"1200\" height=\"1600\" src=\"https:\/\/skevents.at\/wp-content\/uploads\/2025\/03\/WhatsApp-Image-2025-03-20-at-20.26.31-3.jpeg\" class=\"attachment-full size-full wp-image-60734\" alt=\"\" srcset=\"https:\/\/skevents.at\/wp-content\/uploads\/2025\/03\/WhatsApp-Image-2025-03-20-at-20.26.31-3.jpeg 1200w, https:\/\/skevents.at\/wp-content\/uploads\/2025\/03\/WhatsApp-Image-2025-03-20-at-20.26.31-3-225x300.jpeg 225w, https:\/\/skevents.at\/wp-content\/uploads\/2025\/03\/WhatsApp-Image-2025-03-20-at-20.26.31-3-768x1024.jpeg 768w, https:\/\/skevents.at\/wp-content\/uploads\/2025\/03\/WhatsApp-Image-2025-03-20-at-20.26.31-3-1152x1536.jpeg 1152w, https:\/\/skevents.at\/wp-content\/uploads\/2025\/03\/WhatsApp-Image-2025-03-20-at-20.26.31-3-370x493.jpeg 370w, https:\/\/skevents.at\/wp-content\/uploads\/2025\/03\/WhatsApp-Image-2025-03-20-at-20.26.31-3-840x1120.jpeg 840w, https:\/\/skevents.at\/wp-content\/uploads\/2025\/03\/WhatsApp-Image-2025-03-20-at-20.26.31-3-410x547.jpeg 410w\" sizes=\"(max-width: 1200px) 100vw, 1200px\" \/>\t\t\t\t\t\t\t\t\t\t\t\t\t\t\t<\/div>\n\t\t\t\t<\/div>\n\t\t\t\t<div class=\"elementor-element elementor-element-f5e1a0 sc_fly_static elementor-widget elementor-widget-spacer\" data-id=\"f5e1a0\" data-element_type=\"widget\" data-e-type=\"widget\" data-widget_type=\"spacer.default\">\n\t\t\t\t<div class=\"elementor-widget-container\">\n\t\t\t\t\t\t\t<div class=\"elementor-spacer\">\n\t\t\t<div class=\"elementor-spacer-inner\"><\/div>\n\t\t<\/div>\n\t\t\t\t\t\t<\/div>\n\t\t\t\t<\/div>\n\t\t\t\t\t<\/div>\n\t\t<\/div>\n\t\t\t\t\t<\/div>\n\t\t<\/section>\n\t\t\t\t<section class=\"elementor-section elementor-top-section elementor-element elementor-element-f693c09 elementor-section-boxed elementor-section-height-default elementor-section-height-default sc_fly_static\" data-id=\"f693c09\" data-element_type=\"section\" data-e-type=\"section\">\n\t\t\t\t\t\t<div class=\"elementor-container elementor-column-gap-extended\">\n\t\t\t\t\t<div class=\"elementor-column elementor-col-100 elementor-top-column elementor-element elementor-element-9e0068f sc_content_align_inherit sc_layouts_column_icons_position_left sc_fly_static\" data-id=\"9e0068f\" data-element_type=\"column\" data-e-type=\"column\">\n\t\t\t<div class=\"elementor-widget-wrap elementor-element-populated\">\n\t\t\t\t\t\t<div class=\"elementor-element elementor-element-b3910fb sc_height_huge sc_fly_static elementor-widget elementor-widget-spacer\" data-id=\"b3910fb\" data-element_type=\"widget\" data-e-type=\"widget\" data-widget_type=\"spacer.default\">\n\t\t\t\t<div class=\"elementor-widget-container\">\n\t\t\t\t\t\t\t<div class=\"elementor-spacer\">\n\t\t\t<div class=\"elementor-spacer-inner\"><\/div>\n\t\t<\/div>\n\t\t\t\t\t\t<\/div>\n\t\t\t\t<\/div>\n\t\t\t\t<div class=\"elementor-element elementor-element-18cacc6 sc_fly_static elementor-widget elementor-widget-spacer\" data-id=\"18cacc6\" data-element_type=\"widget\" data-e-type=\"widget\" data-widget_type=\"spacer.default\">\n\t\t\t\t<div class=\"elementor-widget-container\">\n\t\t\t\t\t\t\t<div class=\"elementor-spacer\">\n\t\t\t<div class=\"elementor-spacer-inner\"><\/div>\n\t\t<\/div>\n\t\t\t\t\t\t<\/div>\n\t\t\t\t<\/div>\n\t\t\t\t\t<\/div>\n\t\t<\/div>\n\t\t\t\t\t<\/div>\n\t\t<\/section>\n\t\t\t\t<\/div>","protected":false},"excerpt":{"rendered":"<p>\u00dcber SK Events Mit 30 Jahren Erfahrung in der Branche sind wir bei SK Events Ihr Partner, um Ihre besonderen Tage und Veranstaltungen unvergesslich zu machen. Wir bieten ma\u00dfgeschneiderte L\u00f6sungen&hellip;<\/p>","protected":false},"author":1,"featured_media":0,"parent":0,"menu_order":0,"comment_status":"closed","ping_status":"closed","template":"","meta":{"footnotes":""},"class_list":["post-3738","page","type-page","status-publish","hentry"],"_links":{"self":[{"href":"https:\/\/skevents.at\/tr\/wp-json\/wp\/v2\/pages\/3738","targetHints":{"allow":["GET"]}}],"collection":[{"href":"https:\/\/skevents.at\/tr\/wp-json\/wp\/v2\/pages"}],"about":[{"href":"https:\/\/skevents.at\/tr\/wp-json\/wp\/v2\/types\/page"}],"author":[{"embeddable":true,"href":"https:\/\/skevents.at\/tr\/wp-json\/wp\/v2\/users\/1"}],"replies":[{"embeddable":true,"href":"https:\/\/skevents.at\/tr\/wp-json\/wp\/v2\/comments?post=3738"}],"version-history":[{"count":22,"href":"https:\/\/skevents.at\/tr\/wp-json\/wp\/v2\/pages\/3738\/revisions"}],"predecessor-version":[{"id":60895,"href":"https:\/\/skevents.at\/tr\/wp-json\/wp\/v2\/pages\/3738\/revisions\/60895"}],"wp:attachment":[{"href":"https:\/\/skevents.at\/tr\/wp-json\/wp\/v2\/media?parent=3738"}],"curies":[{"name":"wp","href":"https:\/\/api.w.org\/{rel}","templated":true}]}}