{"id":4004,"date":"2020-05-27T11:42:58","date_gmt":"2020-05-27T11:42:58","guid":{"rendered":"https:\/\/skevents.at\/?page_id=4004"},"modified":"2025-03-22T22:26:52","modified_gmt":"2025-03-22T22:26:52","slug":"unsere-leistungen","status":"publish","type":"page","link":"https:\/\/skevents.at\/tr\/unsere-leistungen\/","title":{"rendered":"Hizmetlerimiz"},"content":{"rendered":"<div data-elementor-type=\"wp-page\" data-elementor-id=\"4004\" class=\"elementor elementor-4004\" data-elementor-post-type=\"page\">\n\t\t\t\t\t\t<section class=\"elementor-section elementor-top-section elementor-element elementor-element-9ffc893 elementor-section-boxed elementor-section-height-default elementor-section-height-default sc_fly_static\" data-id=\"9ffc893\" data-element_type=\"section\" data-e-type=\"section\">\n\t\t\t\t\t\t<div class=\"elementor-container elementor-column-gap-extended\">\n\t\t\t\t\t<div class=\"elementor-column elementor-col-100 elementor-top-column elementor-element elementor-element-b5d26f1 sc_content_align_inherit sc_layouts_column_icons_position_left sc_fly_static\" data-id=\"b5d26f1\" data-element_type=\"column\" data-e-type=\"column\">\n\t\t\t<div class=\"elementor-widget-wrap elementor-element-populated\">\n\t\t\t\t\t\t<div class=\"elementor-element elementor-element-d1b3ad5 sc_fly_static elementor-widget elementor-widget-spacer\" data-id=\"d1b3ad5\" data-element_type=\"widget\" data-e-type=\"widget\" data-widget_type=\"spacer.default\">\n\t\t\t\t<div class=\"elementor-widget-container\">\n\t\t\t\t\t\t\t<div class=\"elementor-spacer\">\n\t\t\t<div class=\"elementor-spacer-inner\"><\/div>\n\t\t<\/div>\n\t\t\t\t\t\t<\/div>\n\t\t\t\t<\/div>\n\t\t\t\t<div class=\"elementor-element elementor-element-c11fa79 sc_fly_static elementor-widget elementor-widget-spacer\" data-id=\"c11fa79\" data-element_type=\"widget\" data-e-type=\"widget\" data-widget_type=\"spacer.default\">\n\t\t\t\t<div class=\"elementor-widget-container\">\n\t\t\t\t\t\t\t<div class=\"elementor-spacer\">\n\t\t\t<div class=\"elementor-spacer-inner\"><\/div>\n\t\t<\/div>\n\t\t\t\t\t\t<\/div>\n\t\t\t\t<\/div>\n\t\t\t\t\t<\/div>\n\t\t<\/div>\n\t\t\t\t\t<\/div>\n\t\t<\/section>\n\t\t\t\t<section class=\"elementor-section elementor-top-section elementor-element elementor-element-3eeacb4 elementor-section-boxed elementor-section-height-default elementor-section-height-default sc_fly_static\" data-id=\"3eeacb4\" data-element_type=\"section\" data-e-type=\"section\">\n\t\t\t\t\t\t<div class=\"elementor-container elementor-column-gap-extended\">\n\t\t\t\t\t<div class=\"elementor-column elementor-col-100 elementor-top-column elementor-element elementor-element-b878cf7 sc_content_align_inherit sc_layouts_column_icons_position_left sc_fly_static\" data-id=\"b878cf7\" data-element_type=\"column\" data-e-type=\"column\">\n\t\t\t<div class=\"elementor-widget-wrap elementor-element-populated\">\n\t\t\t\t\t\t<div class=\"elementor-element elementor-element-d70f42e sc_fly_static elementor-widget elementor-widget-trx_sc_services\" data-id=\"d70f42e\" data-element_type=\"widget\" data-e-type=\"widget\" data-widget_type=\"trx_sc_services.default\">\n\t\t\t\t<div class=\"elementor-widget-container\">\n\t\t\t\t\t<div class=\"sc_services sc_services_default sc_services_featured_top\"><div class=\"sc_services_columns_wrap sc_item_columns sc_item_posts_container sc_item_columns_2 trx_addons_columns_wrap columns_padding_bottom\"><div class=\"trx_addons_column-1_2\"><div data-post-id=\"59392\" class=\"sc_services_item sc_item_container post_container without_content with_image sc_services_item_featured_top post-59392 cpt_services type-cpt_services status-publish has-post-thumbnail hentry cpt_services_group-service\" data-item-number=\"1\"\r\n>\r\n\t<div class=\"post_featured with_thumb hover_link sc_services_item_thumb\"><img fetchpriority=\"high\" decoding=\"async\" width=\"1536\" height=\"2048\" src=\"https:\/\/skevents.at\/wp-content\/uploads\/2025\/03\/WhatsApp-Image-2025-03-20-at-20.27.02-5.jpeg\" class=\"attachment-full size-full wp-post-image\" alt=\"\" srcset=\"https:\/\/skevents.at\/wp-content\/uploads\/2025\/03\/WhatsApp-Image-2025-03-20-at-20.27.02-5.jpeg 1536w, https:\/\/skevents.at\/wp-content\/uploads\/2025\/03\/WhatsApp-Image-2025-03-20-at-20.27.02-5-225x300.jpeg 225w, https:\/\/skevents.at\/wp-content\/uploads\/2025\/03\/WhatsApp-Image-2025-03-20-at-20.27.02-5-768x1024.jpeg 768w, https:\/\/skevents.at\/wp-content\/uploads\/2025\/03\/WhatsApp-Image-2025-03-20-at-20.27.02-5-1152x1536.jpeg 1152w, https:\/\/skevents.at\/wp-content\/uploads\/2025\/03\/WhatsApp-Image-2025-03-20-at-20.27.02-5-370x493.jpeg 370w, https:\/\/skevents.at\/wp-content\/uploads\/2025\/03\/WhatsApp-Image-2025-03-20-at-20.27.02-5-840x1120.jpeg 840w, https:\/\/skevents.at\/wp-content\/uploads\/2025\/03\/WhatsApp-Image-2025-03-20-at-20.27.02-5-410x547.jpeg 410w\" sizes=\"(max-width: 1536px) 100vw, 1536px\" \/>\t\t\t\t\t\t<div class=\"mask\"><\/div>\n\t\t\t\t\t\t<a class=\"post_link sc_services_item_link\" href=\"https:\/\/skevents.at\/tr\/services\/catering-service\/\"><\/a>\t\t\t<a href=\"https:\/\/skevents.at\/tr\/services\/catering-service\/\"  aria-hidden=\"true\" class=\"link\"><\/a>\r\n\t\t\t<\/div>\t\r\n\t<div class=\"sc_services_item_info\">\r\n\t\t\t\t<div class=\"sc_services_item_header\">\r\n\t\t\t\t\t\t<h4 class=\"sc_services_item_title entry-title\"><a href=\"https:\/\/skevents.at\/tr\/services\/catering-service\/\">Yemek Servisi<\/a><\/h4>\r\n\t\t\t<div class=\"sc_services_item_subtitle\"><a href=\"https:\/\/skevents.at\/tr\/services_group\/service\/\" title=\"View all posts in Service\">Hizmetler<\/a><\/div>\t\t<\/div>\r\n\t\t        <div class=\"sc_services_item_button sc_item_button\">\r\n            <a href=\"https:\/\/skevents.at\/tr\/services\/catering-service\/\" class=\"sc_services_item_more_link\">\r\n                <span class=\"link_text\">Hizmet Detay\u0131<\/span><span class=\"link_icon\"><\/span>\r\n            <\/a>\r\n            <\/div><\/div>\r\n<\/div>\r\n<\/div><div class=\"trx_addons_column-1_2\"><div data-post-id=\"60560\" class=\"sc_services_item sc_item_container post_container without_content with_image sc_services_item_featured_top post-60560 cpt_services type-cpt_services status-publish has-post-thumbnail hentry cpt_services_group-service\" data-item-number=\"2\"\r\n>\r\n\t<div class=\"post_featured with_thumb hover_link sc_services_item_thumb\"><img decoding=\"async\" width=\"2048\" height=\"1536\" src=\"https:\/\/skevents.at\/wp-content\/uploads\/2025\/03\/WhatsApp-Image-2025-03-20-at-20.26.35-1.jpeg\" class=\"attachment-full size-full wp-post-image\" alt=\"\" srcset=\"https:\/\/skevents.at\/wp-content\/uploads\/2025\/03\/WhatsApp-Image-2025-03-20-at-20.26.35-1.jpeg 2048w, https:\/\/skevents.at\/wp-content\/uploads\/2025\/03\/WhatsApp-Image-2025-03-20-at-20.26.35-1-300x225.jpeg 300w, https:\/\/skevents.at\/wp-content\/uploads\/2025\/03\/WhatsApp-Image-2025-03-20-at-20.26.35-1-1024x768.jpeg 1024w, https:\/\/skevents.at\/wp-content\/uploads\/2025\/03\/WhatsApp-Image-2025-03-20-at-20.26.35-1-768x576.jpeg 768w, https:\/\/skevents.at\/wp-content\/uploads\/2025\/03\/WhatsApp-Image-2025-03-20-at-20.26.35-1-1536x1152.jpeg 1536w, https:\/\/skevents.at\/wp-content\/uploads\/2025\/03\/WhatsApp-Image-2025-03-20-at-20.26.35-1-370x278.jpeg 370w, https:\/\/skevents.at\/wp-content\/uploads\/2025\/03\/WhatsApp-Image-2025-03-20-at-20.26.35-1-840x630.jpeg 840w, https:\/\/skevents.at\/wp-content\/uploads\/2025\/03\/WhatsApp-Image-2025-03-20-at-20.26.35-1-410x308.jpeg 410w\" sizes=\"(max-width: 2048px) 100vw, 2048px\" \/>\t\t\t\t\t\t<div class=\"mask\"><\/div>\n\t\t\t\t\t\t<a class=\"post_link sc_services_item_link\" href=\"https:\/\/skevents.at\/tr\/services\/hochzeitssaal-eventlocation-vermietung\/\"><\/a>\t\t\t<a href=\"https:\/\/skevents.at\/tr\/services\/hochzeitssaal-eventlocation-vermietung\/\"  aria-hidden=\"true\" class=\"link\"><\/a>\r\n\t\t\t<\/div>\t\r\n\t<div class=\"sc_services_item_info\">\r\n\t\t\t\t<div class=\"sc_services_item_header\">\r\n\t\t\t\t\t\t<h4 class=\"sc_services_item_title entry-title\"><a href=\"https:\/\/skevents.at\/tr\/services\/hochzeitssaal-eventlocation-vermietung\/\">D\u00fc\u011f\u00fcn Salonu ve Etkinlik Mek\u00e2n\u0131 Kiralama<\/a><\/h4>\r\n\t\t\t<div class=\"sc_services_item_subtitle\"><a href=\"https:\/\/skevents.at\/tr\/services_group\/service\/\" title=\"View all posts in Service\">Hizmetler<\/a><\/div>\t\t<\/div>\r\n\t\t        <div class=\"sc_services_item_button sc_item_button\">\r\n            <a href=\"https:\/\/skevents.at\/tr\/services\/hochzeitssaal-eventlocation-vermietung\/\" class=\"sc_services_item_more_link\">\r\n                <span class=\"link_text\">Hizmet Detay\u0131<\/span><span class=\"link_icon\"><\/span>\r\n            <\/a>\r\n            <\/div><\/div>\r\n<\/div>\r\n<\/div><div class=\"trx_addons_column-1_2\"><div data-post-id=\"60561\" class=\"sc_services_item sc_item_container post_container without_content with_image sc_services_item_featured_top post-60561 cpt_services type-cpt_services status-publish has-post-thumbnail hentry cpt_services_group-service\" data-item-number=\"3\"\r\n>\r\n\t<div class=\"post_featured with_thumb hover_link sc_services_item_thumb\"><img decoding=\"async\" width=\"1536\" height=\"2048\" src=\"https:\/\/skevents.at\/wp-content\/uploads\/2025\/03\/WhatsApp-Image-2025-03-20-at-20.29.14.jpeg\" class=\"attachment-full size-full wp-post-image\" alt=\"\" srcset=\"https:\/\/skevents.at\/wp-content\/uploads\/2025\/03\/WhatsApp-Image-2025-03-20-at-20.29.14.jpeg 1536w, https:\/\/skevents.at\/wp-content\/uploads\/2025\/03\/WhatsApp-Image-2025-03-20-at-20.29.14-225x300.jpeg 225w, https:\/\/skevents.at\/wp-content\/uploads\/2025\/03\/WhatsApp-Image-2025-03-20-at-20.29.14-768x1024.jpeg 768w, https:\/\/skevents.at\/wp-content\/uploads\/2025\/03\/WhatsApp-Image-2025-03-20-at-20.29.14-1152x1536.jpeg 1152w, https:\/\/skevents.at\/wp-content\/uploads\/2025\/03\/WhatsApp-Image-2025-03-20-at-20.29.14-370x493.jpeg 370w, https:\/\/skevents.at\/wp-content\/uploads\/2025\/03\/WhatsApp-Image-2025-03-20-at-20.29.14-840x1120.jpeg 840w, https:\/\/skevents.at\/wp-content\/uploads\/2025\/03\/WhatsApp-Image-2025-03-20-at-20.29.14-410x547.jpeg 410w\" sizes=\"(max-width: 1536px) 100vw, 1536px\" \/>\t\t\t\t\t\t<div class=\"mask\"><\/div>\n\t\t\t\t\t\t<a class=\"post_link sc_services_item_link\" href=\"https:\/\/skevents.at\/tr\/services\/dekoration-und-verschonerung\/\"><\/a>\t\t\t<a href=\"https:\/\/skevents.at\/tr\/services\/dekoration-und-verschonerung\/\"  aria-hidden=\"true\" class=\"link\"><\/a>\r\n\t\t\t<\/div>\t\r\n\t<div class=\"sc_services_item_info\">\r\n\t\t\t\t<div class=\"sc_services_item_header\">\r\n\t\t\t\t\t\t<h4 class=\"sc_services_item_title entry-title\"><a href=\"https:\/\/skevents.at\/tr\/services\/dekoration-und-verschonerung\/\">Dekorasyon ve S\u00fcsleme<\/a><\/h4>\r\n\t\t\t<div class=\"sc_services_item_subtitle\"><a href=\"https:\/\/skevents.at\/tr\/services_group\/service\/\" title=\"View all posts in Service\">Hizmetler<\/a><\/div>\t\t<\/div>\r\n\t\t        <div class=\"sc_services_item_button sc_item_button\">\r\n            <a href=\"https:\/\/skevents.at\/tr\/services\/dekoration-und-verschonerung\/\" class=\"sc_services_item_more_link\">\r\n                <span class=\"link_text\">Hizmet Detay\u0131<\/span><span class=\"link_icon\"><\/span>\r\n            <\/a>\r\n            <\/div><\/div>\r\n<\/div>\r\n<\/div><div class=\"trx_addons_column-1_2\"><div data-post-id=\"60562\" class=\"sc_services_item sc_item_container post_container without_content with_image sc_services_item_featured_top post-60562 cpt_services type-cpt_services status-publish has-post-thumbnail hentry cpt_services_group-service\" data-item-number=\"4\"\r\n>\r\n\t<div class=\"post_featured with_thumb hover_link sc_services_item_thumb\"><img loading=\"lazy\" decoding=\"async\" width=\"1536\" height=\"2048\" src=\"https:\/\/skevents.at\/wp-content\/uploads\/2025\/03\/WhatsApp-Image-2025-03-20-at-20.27.00-1.jpeg\" class=\"attachment-full size-full wp-post-image\" alt=\"\" srcset=\"https:\/\/skevents.at\/wp-content\/uploads\/2025\/03\/WhatsApp-Image-2025-03-20-at-20.27.00-1.jpeg 1536w, https:\/\/skevents.at\/wp-content\/uploads\/2025\/03\/WhatsApp-Image-2025-03-20-at-20.27.00-1-225x300.jpeg 225w, https:\/\/skevents.at\/wp-content\/uploads\/2025\/03\/WhatsApp-Image-2025-03-20-at-20.27.00-1-768x1024.jpeg 768w, https:\/\/skevents.at\/wp-content\/uploads\/2025\/03\/WhatsApp-Image-2025-03-20-at-20.27.00-1-1152x1536.jpeg 1152w, https:\/\/skevents.at\/wp-content\/uploads\/2025\/03\/WhatsApp-Image-2025-03-20-at-20.27.00-1-370x493.jpeg 370w, https:\/\/skevents.at\/wp-content\/uploads\/2025\/03\/WhatsApp-Image-2025-03-20-at-20.27.00-1-840x1120.jpeg 840w, https:\/\/skevents.at\/wp-content\/uploads\/2025\/03\/WhatsApp-Image-2025-03-20-at-20.27.00-1-410x547.jpeg 410w\" sizes=\"(max-width: 1536px) 100vw, 1536px\" \/>\t\t\t\t\t\t<div class=\"mask\"><\/div>\n\t\t\t\t\t\t<a class=\"post_link sc_services_item_link\" href=\"https:\/\/skevents.at\/tr\/services\/eventorganisation\/\"><\/a>\t\t\t<a href=\"https:\/\/skevents.at\/tr\/services\/eventorganisation\/\"  aria-hidden=\"true\" class=\"link\"><\/a>\r\n\t\t\t<\/div>\t\r\n\t<div class=\"sc_services_item_info\">\r\n\t\t\t\t<div class=\"sc_services_item_header\">\r\n\t\t\t\t\t\t<h4 class=\"sc_services_item_title entry-title\"><a href=\"https:\/\/skevents.at\/tr\/services\/eventorganisation\/\">Etkinlik Organizasyonu<\/a><\/h4>\r\n\t\t\t<div class=\"sc_services_item_subtitle\"><a href=\"https:\/\/skevents.at\/tr\/services_group\/service\/\" title=\"View all posts in Service\">Hizmetler<\/a><\/div>\t\t<\/div>\r\n\t\t        <div class=\"sc_services_item_button sc_item_button\">\r\n            <a href=\"https:\/\/skevents.at\/tr\/services\/eventorganisation\/\" class=\"sc_services_item_more_link\">\r\n                <span class=\"link_text\">Hizmet Detay\u0131<\/span><span class=\"link_icon\"><\/span>\r\n            <\/a>\r\n            <\/div><\/div>\r\n<\/div>\r\n<\/div><\/div><\/div>\t\t\t\t<\/div>\n\t\t\t\t<\/div>\n\t\t\t\t\t<\/div>\n\t\t<\/div>\n\t\t\t\t\t<\/div>\n\t\t<\/section>\n\t\t\t\t<section class=\"elementor-section elementor-top-section elementor-element elementor-element-2fa61cc elementor-section-boxed elementor-section-height-default elementor-section-height-default sc_fly_static\" data-id=\"2fa61cc\" data-element_type=\"section\" data-e-type=\"section\">\n\t\t\t\t\t\t<div class=\"elementor-container elementor-column-gap-extended\">\n\t\t\t\t\t<div class=\"elementor-column elementor-col-100 elementor-top-column elementor-element elementor-element-82a8a1f sc_content_align_inherit sc_layouts_column_icons_position_left sc_fly_static\" data-id=\"82a8a1f\" data-element_type=\"column\" data-e-type=\"column\">\n\t\t\t<div class=\"elementor-widget-wrap elementor-element-populated\">\n\t\t\t\t\t\t<div class=\"elementor-element elementor-element-e5dfe21 sc_height_large sc_fly_static elementor-widget elementor-widget-spacer\" data-id=\"e5dfe21\" data-element_type=\"widget\" data-e-type=\"widget\" data-widget_type=\"spacer.default\">\n\t\t\t\t<div class=\"elementor-widget-container\">\n\t\t\t\t\t\t\t<div class=\"elementor-spacer\">\n\t\t\t<div class=\"elementor-spacer-inner\"><\/div>\n\t\t<\/div>\n\t\t\t\t\t\t<\/div>\n\t\t\t\t<\/div>\n\t\t\t\t\t<\/div>\n\t\t<\/div>\n\t\t\t\t\t<\/div>\n\t\t<\/section>\n\t\t\t\t<section class=\"elementor-section elementor-top-section elementor-element elementor-element-15d7719 elementor-section-boxed elementor-section-height-default elementor-section-height-default sc_fly_static\" data-id=\"15d7719\" data-element_type=\"section\" data-e-type=\"section\">\n\t\t\t\t\t\t<div class=\"elementor-container elementor-column-gap-extended\">\n\t\t\t\t\t<div class=\"elementor-column elementor-col-100 elementor-top-column elementor-element elementor-element-2ee47c3 sc_content_align_inherit sc_layouts_column_icons_position_left sc_fly_static\" data-id=\"2ee47c3\" data-element_type=\"column\" data-e-type=\"column\">\n\t\t\t<div class=\"elementor-widget-wrap elementor-element-populated\">\n\t\t\t\t\t\t<div class=\"elementor-element elementor-element-f5ab88a sc_fly_static elementor-widget elementor-widget-spacer\" data-id=\"f5ab88a\" data-element_type=\"widget\" data-e-type=\"widget\" data-widget_type=\"spacer.default\">\n\t\t\t\t<div class=\"elementor-widget-container\">\n\t\t\t\t\t\t\t<div class=\"elementor-spacer\">\n\t\t\t<div class=\"elementor-spacer-inner\"><\/div>\n\t\t<\/div>\n\t\t\t\t\t\t<\/div>\n\t\t\t\t<\/div>\n\t\t\t\t\t<\/div>\n\t\t<\/div>\n\t\t\t\t\t<\/div>\n\t\t<\/section>\n\t\t\t\t<section class=\"elementor-section elementor-top-section elementor-element elementor-element-c9ae970 elementor-section-boxed elementor-section-height-default elementor-section-height-default sc_fly_static\" data-id=\"c9ae970\" data-element_type=\"section\" data-e-type=\"section\">\n\t\t\t\t\t\t<div class=\"elementor-container elementor-column-gap-extended\">\n\t\t\t\t\t<div class=\"elementor-column elementor-col-33 elementor-top-column elementor-element elementor-element-bec9948 sc_content_align_inherit sc_layouts_column_icons_position_left sc_fly_static\" data-id=\"bec9948\" data-element_type=\"column\" data-e-type=\"column\">\n\t\t\t<div class=\"elementor-widget-wrap\">\n\t\t\t\t\t\t\t<\/div>\n\t\t<\/div>\n\t\t\t\t<div class=\"elementor-column elementor-col-66 elementor-top-column elementor-element elementor-element-28dd3c6 sc_content_align_inherit sc_layouts_column_icons_position_left sc_fly_static\" data-id=\"28dd3c6\" data-element_type=\"column\" data-e-type=\"column\">\n\t\t\t<div class=\"elementor-widget-wrap\">\n\t\t\t\t\t\t\t<\/div>\n\t\t<\/div>\n\t\t\t\t\t<\/div>\n\t\t<\/section>\n\t\t\t\t<section class=\"elementor-section elementor-top-section elementor-element elementor-element-766880a elementor-section-boxed elementor-section-height-default elementor-section-height-default sc_fly_static\" data-id=\"766880a\" data-element_type=\"section\" data-e-type=\"section\">\n\t\t\t\t\t\t<div class=\"elementor-container elementor-column-gap-extended\">\n\t\t\t\t\t<div class=\"elementor-column elementor-col-100 elementor-top-column elementor-element elementor-element-574fa28 sc_content_align_inherit sc_layouts_column_icons_position_left sc_fly_static\" data-id=\"574fa28\" data-element_type=\"column\" data-e-type=\"column\">\n\t\t\t<div class=\"elementor-widget-wrap elementor-element-populated\">\n\t\t\t\t\t\t<div class=\"elementor-element elementor-element-d48c27e sc_height_huge sc_fly_static elementor-widget elementor-widget-spacer\" data-id=\"d48c27e\" data-element_type=\"widget\" data-e-type=\"widget\" data-widget_type=\"spacer.default\">\n\t\t\t\t<div class=\"elementor-widget-container\">\n\t\t\t\t\t\t\t<div class=\"elementor-spacer\">\n\t\t\t<div class=\"elementor-spacer-inner\"><\/div>\n\t\t<\/div>\n\t\t\t\t\t\t<\/div>\n\t\t\t\t<\/div>\n\t\t\t\t<div class=\"elementor-element elementor-element-e51f7cc sc_fly_static elementor-widget elementor-widget-spacer\" data-id=\"e51f7cc\" data-element_type=\"widget\" data-e-type=\"widget\" data-widget_type=\"spacer.default\">\n\t\t\t\t<div class=\"elementor-widget-container\">\n\t\t\t\t\t\t\t<div class=\"elementor-spacer\">\n\t\t\t<div class=\"elementor-spacer-inner\"><\/div>\n\t\t<\/div>\n\t\t\t\t\t\t<\/div>\n\t\t\t\t<\/div>\n\t\t\t\t\t<\/div>\n\t\t<\/div>\n\t\t\t\t\t<\/div>\n\t\t<\/section>\n\t\t\t\t<section class=\"trx_addons_has_bg_text elementor-section elementor-top-section elementor-element elementor-element-732591e elementor-section-full_width elementor-section-height-min-height elementor-section-content-middle elementor-section-height-default elementor-section-items-middle sc_fly_static\" data-bg-text=\"{&quot;bg_text&quot;:&quot;SK EVENTS &quot;,&quot;bg_text_effect&quot;:&quot;none&quot;,&quot;bg_text_overlay&quot;:{&quot;url&quot;:&quot;&quot;},&quot;bg_text_left&quot;:{&quot;unit&quot;:&quot;%&quot;,&quot;size&quot;:0,&quot;sizes&quot;:[]},&quot;bg_text_top&quot;:{&quot;unit&quot;:&quot;%&quot;,&quot;size&quot;:0,&quot;sizes&quot;:[]},&quot;bg_text_z_index&quot;:{&quot;size&quot;:&quot;0&quot;,&quot;unit&quot;:&quot;px&quot;},&quot;bg_text_marquee&quot;:{&quot;unit&quot;:&quot;px&quot;,&quot;size&quot;:11,&quot;sizes&quot;:[]},&quot;bg_text_marquee_hover&quot;:&quot;yes&quot;,&quot;bg_text_marquee_margin&quot;:{&quot;unit&quot;:&quot;px&quot;,&quot;size&quot;:0,&quot;sizes&quot;:[]},&quot;bg_text_reverse&quot;:0,&quot;bg_text_accelerate&quot;:1,&quot;bg_text_delimiter_icon&quot;:&quot;icon-circle&quot;,&quot;bg_text_delimiter_image&quot;:&quot;&quot;,&quot;bg_text_delimiter_svg&quot;:&quot;&quot;,&quot;bg_text_delimiter_rotation&quot;:0}\" data-id=\"732591e\" data-element_type=\"section\" data-e-type=\"section\">\n\t\t\t\t\t\t<div class=\"elementor-container elementor-column-gap-no\">\n\t\t\t\t\t<div class=\"elementor-column elementor-col-100 elementor-top-column elementor-element elementor-element-a3fc14a sc_content_align_inherit sc_layouts_column_icons_position_left sc_fly_static\" data-id=\"a3fc14a\" data-element_type=\"column\" data-e-type=\"column\">\n\t\t\t<div class=\"elementor-widget-wrap\">\n\t\t\t\t\t\t\t<\/div>\n\t\t<\/div>\n\t\t\t\t\t<\/div>\n\t\t<\/section>\n\t\t\t\t<section class=\"elementor-section elementor-top-section elementor-element elementor-element-b05dabc elementor-section-boxed elementor-section-height-default elementor-section-height-default sc_fly_static\" data-id=\"b05dabc\" data-element_type=\"section\" data-e-type=\"section\">\n\t\t\t\t\t\t<div class=\"elementor-container elementor-column-gap-extended\">\n\t\t\t\t\t<div class=\"elementor-column elementor-col-100 elementor-top-column elementor-element elementor-element-03384d0 sc_content_align_inherit sc_layouts_column_icons_position_left sc_fly_static\" data-id=\"03384d0\" data-element_type=\"column\" data-e-type=\"column\">\n\t\t\t<div class=\"elementor-widget-wrap elementor-element-populated\">\n\t\t\t\t\t\t<div class=\"elementor-element elementor-element-b7bb1a0 sc_height_large sc_fly_static elementor-widget elementor-widget-spacer\" data-id=\"b7bb1a0\" data-element_type=\"widget\" data-e-type=\"widget\" data-widget_type=\"spacer.default\">\n\t\t\t\t<div class=\"elementor-widget-container\">\n\t\t\t\t\t\t\t<div class=\"elementor-spacer\">\n\t\t\t<div class=\"elementor-spacer-inner\"><\/div>\n\t\t<\/div>\n\t\t\t\t\t\t<\/div>\n\t\t\t\t<\/div>\n\t\t\t\t<div class=\"elementor-element elementor-element-ea719dc sc_fly_static elementor-widget elementor-widget-spacer\" data-id=\"ea719dc\" data-element_type=\"widget\" data-e-type=\"widget\" data-widget_type=\"spacer.default\">\n\t\t\t\t<div class=\"elementor-widget-container\">\n\t\t\t\t\t\t\t<div class=\"elementor-spacer\">\n\t\t\t<div class=\"elementor-spacer-inner\"><\/div>\n\t\t<\/div>\n\t\t\t\t\t\t<\/div>\n\t\t\t\t<\/div>\n\t\t\t\t\t<\/div>\n\t\t<\/div>\n\t\t\t\t\t<\/div>\n\t\t<\/section>\n\t\t\t\t<\/div>","protected":false},"excerpt":{"rendered":"<p>Catering-Service Service Weiterlesen Hochzeitssaal &#038; Eventlocation-Vermietung Service Weiterlesen Dekoration und Versch\u00f6nerung Service Weiterlesen Eventorganisation Service Weiterlesen<\/p>","protected":false},"author":1,"featured_media":0,"parent":0,"menu_order":0,"comment_status":"closed","ping_status":"closed","template":"","meta":{"footnotes":""},"class_list":["post-4004","page","type-page","status-publish","hentry"],"_links":{"self":[{"href":"https:\/\/skevents.at\/tr\/wp-json\/wp\/v2\/pages\/4004","targetHints":{"allow":["GET"]}}],"collection":[{"href":"https:\/\/skevents.at\/tr\/wp-json\/wp\/v2\/pages"}],"about":[{"href":"https:\/\/skevents.at\/tr\/wp-json\/wp\/v2\/types\/page"}],"author":[{"embeddable":true,"href":"https:\/\/skevents.at\/tr\/wp-json\/wp\/v2\/users\/1"}],"replies":[{"embeddable":true,"href":"https:\/\/skevents.at\/tr\/wp-json\/wp\/v2\/comments?post=4004"}],"version-history":[{"count":10,"href":"https:\/\/skevents.at\/tr\/wp-json\/wp\/v2\/pages\/4004\/revisions"}],"predecessor-version":[{"id":60577,"href":"https:\/\/skevents.at\/tr\/wp-json\/wp\/v2\/pages\/4004\/revisions\/60577"}],"wp:attachment":[{"href":"https:\/\/skevents.at\/tr\/wp-json\/wp\/v2\/media?parent=4004"}],"curies":[{"name":"wp","href":"https:\/\/api.w.org\/{rel}","templated":true}]}}